{"id":11573,"date":"2025-03-26T12:44:11","date_gmt":"2025-03-26T16:44:11","guid":{"rendered":"https:\/\/consulting.workplaceoptions.com\/podcasts-sur-le-bien-etre-au-travail\/"},"modified":"2025-06-13T06:56:41","modified_gmt":"2025-06-13T10:56:41","slug":"podcasts-sur-le-bien-etre-au-travail","status":"publish","type":"page","link":"https:\/\/consulting.workplaceoptions.com\/fr\/podcasts-sur-le-bien-etre-au-travail\/","title":{"rendered":"Podcasts sur le bien-\u00eatre au travail"},"content":{"rendered":"\t\t<div data-elementor-type=\"wp-page\" data-elementor-id=\"11573\" class=\"elementor elementor-11573 elementor-10891\" data-elementor-post-type=\"page\">\n\t\t\t\t<div class=\"elementor-element elementor-element-e3abad4 e-flex e-con-boxed e-con e-parent\" data-id=\"e3abad4\" data-element_type=\"container\" data-e-type=\"container\">\n\t\t\t\t\t<div class=\"e-con-inner\">\n\t\t\t\t<div class=\"elementor-element elementor-element-3210973 elementor-widget elementor-widget-text-editor\" data-id=\"3210973\" data-element_type=\"widget\" data-e-type=\"widget\" data-widget_type=\"text-editor.default\">\n\t\t\t\t<div class=\"elementor-widget-container\">\n\t\t\t\t\t\t\t\t\t<p><span data-contrast=\"none\">Bienvenue dans la s\u00e9rie de podcasts sur le bien-\u00eatre au travail, propos\u00e9e par le Conseil en Organisation et Engagement. Notre mission est de transformer l&rsquo;engagement des employ\u00e9s en utilisant des informations sur le bien-\u00eatre en temps r\u00e9el pour cr\u00e9er des strat\u00e9gies actionnables et pr\u00e9dictives qui favorisent la r\u00e9ussite de l&rsquo;organisation.<\/span><span data-ccp-props=\"{}\"> <\/span><\/p>\n<p><span data-contrast=\"none\">Dans chaque \u00e9pisode, nous nous penchons sur les facteurs critiques qui influencent le bien-\u00eatre des employ\u00e9s et sur la mani\u00e8re dont les entreprises peuvent transformer ces connaissances en changements significatifs. En tirant parti de notre acc\u00e8s unique aux donn\u00e9es relatives aux PAE (programmes d&rsquo;aide aux employ\u00e9s), \u00e0 la vie professionnelle et aux services de coaching, nous sommes en mesure de vous proposer les recherches les plus r\u00e9centes et des strat\u00e9gies pratiques pour am\u00e9liorer l&rsquo;engagement et la sant\u00e9 globale de votre personnel.<\/span><span data-ccp-props=\"{}\"> <\/span><\/p>\n<p><span class=\"TextRun SCXW220669770 BCX0\" lang=\"EN-US\" xml:lang=\"EN-US\" data-contrast=\"none\"><span class=\"NormalTextRun SCXW220669770 BCX0\">D\u00e9couvrez les derni\u00e8res tendances, les r\u00e9ussites et les interviews d&rsquo;experts qui vous aideront \u00e0 cr\u00e9er un lieu de travail prosp\u00e8re.<\/span><\/span><span class=\"EOP SCXW220669770 BCX0\" data-ccp-props=\"{}\"> <\/span><\/p>\n\t\t\t\t\t\t\t\t<\/div>\n\t\t\t\t<\/div>\n\t\t\t\t<div class=\"elementor-element elementor-element-d9866f1 elementor-widget elementor-widget-html\" data-id=\"d9866f1\" data-element_type=\"widget\" data-e-type=\"widget\" data-widget_type=\"html.default\">\n\t\t\t\t<div class=\"elementor-widget-container\">\n\t\t\t\t\t<div id=\"buzzsprout-large-player-tags-coe\"><\/div><script type=\"text\/javascript\" charset=\"utf-8\" src=\"https:\/\/www.buzzsprout.com\/2134480.js?artist=&amp;container_id=buzzsprout-large-player-tags-coe&amp;player=large&amp;tags=COE\"><\/script> \t\t\t\t<\/div>\n\t\t\t\t<\/div>\n\t\t\t\t<div class=\"elementor-element elementor-element-cf8de4c elementor-widget elementor-widget-heading\" data-id=\"cf8de4c\" data-element_type=\"widget\" data-e-type=\"widget\" data-widget_type=\"heading.default\">\n\t\t\t\t<div class=\"elementor-widget-container\">\n\t\t\t\t\t<h5 class=\"elementor-heading-title elementor-size-default\">  Explorez les podcasts sur le bien-\u00eatre au travail par cat\u00e9gorie de sujet :  <\/h5>\t\t\t\t<\/div>\n\t\t\t\t<\/div>\n\t\t\t\t<div class=\"elementor-element elementor-element-5adc29c elementor-widget elementor-widget-spacer\" data-id=\"5adc29c\" data-element_type=\"widget\" data-e-type=\"widget\" data-widget_type=\"spacer.default\">\n\t\t\t\t<div class=\"elementor-widget-container\">\n\t\t\t\t\t\t\t<div class=\"elementor-spacer\">\n\t\t\t<div class=\"elementor-spacer-inner\"><\/div>\n\t\t<\/div>\n\t\t\t\t\t\t<\/div>\n\t\t\t\t<\/div>\n\t\t\t\t\t<\/div>\n\t\t\t\t<\/div>\n\t\t<div class=\"elementor-element elementor-element-9f136bb e-flex e-con-boxed e-con e-parent\" data-id=\"9f136bb\" data-element_type=\"container\" data-e-type=\"container\">\n\t\t\t\t\t<div class=\"e-con-inner\">\n\t\t<div class=\"elementor-element elementor-element-473a8a4 e-con-full e-flex e-con e-child\" data-id=\"473a8a4\" data-element_type=\"container\" data-e-type=\"container\">\n\t\t\t\t<div class=\"elementor-element elementor-element-ee7d0e8 elementor-widget elementor-widget-heading\" data-id=\"ee7d0e8\" data-element_type=\"widget\" data-e-type=\"widget\" data-widget_type=\"heading.default\">\n\t\t\t\t<div class=\"elementor-widget-container\">\n\t\t\t\t\t<h5 class=\"elementor-heading-title elementor-size-default\"><a href=\"https:\/\/consulting.workplaceoptions.com\/solution\/psychological-safety\/\">S\u00e9curit\u00e9 psychologique<\/a><\/h5>\t\t\t\t<\/div>\n\t\t\t\t<\/div>\n\t\t\t\t<div class=\"elementor-element elementor-element-298f602 elementor-widget elementor-widget-html\" data-id=\"298f602\" data-element_type=\"widget\" data-e-type=\"widget\" data-widget_type=\"html.default\">\n\t\t\t\t<div class=\"elementor-widget-container\">\n\t\t\t\t\t<div id=\"buzzsprout-large-player-tags-psychological-safety\"><\/div><script type=\"text\/javascript\" charset=\"utf-8\" src=\"https:\/\/www.buzzsprout.com\/2134480.js?artist=&amp;container_id=buzzsprout-large-player-tags-psychological-safety&amp;player=large&amp;tags=Psychological+Safety\"><\/script> \t\t\t\t<\/div>\n\t\t\t\t<\/div>\n\t\t\t\t<\/div>\n\t\t<div class=\"elementor-element elementor-element-fe69d24 e-con-full e-flex e-con e-child\" data-id=\"fe69d24\" data-element_type=\"container\" data-e-type=\"container\">\n\t\t\t\t<div class=\"elementor-element elementor-element-4cf5883 elementor-widget elementor-widget-heading\" data-id=\"4cf5883\" data-element_type=\"widget\" data-e-type=\"widget\" data-widget_type=\"heading.default\">\n\t\t\t\t<div class=\"elementor-widget-container\">\n\t\t\t\t\t<h5 class=\"elementor-heading-title elementor-size-default\"><a href=\"https:\/\/consulting.workplaceoptions.com\/solution\/psychosocial-risk\/\">Risque psychosocial<\/a><\/h5>\t\t\t\t<\/div>\n\t\t\t\t<\/div>\n\t\t\t\t<div class=\"elementor-element elementor-element-fedb1c5 elementor-widget elementor-widget-html\" data-id=\"fedb1c5\" data-element_type=\"widget\" data-e-type=\"widget\" data-widget_type=\"html.default\">\n\t\t\t\t<div class=\"elementor-widget-container\">\n\t\t\t\t\t<div id=\"buzzsprout-large-player-tags-psychosocial-risk\"><\/div><script type=\"text\/javascript\" charset=\"utf-8\" src=\"https:\/\/www.buzzsprout.com\/2134480.js?artist=&amp;container_id=buzzsprout-large-player-tags-psychosocial-risk&amp;player=large&amp;tags=Psychosocial+Risk\"><\/script> \t\t\t\t<\/div>\n\t\t\t\t<\/div>\n\t\t\t\t<\/div>\n\t\t\t\t<div class=\"elementor-element elementor-element-94dd626 elementor-widget elementor-widget-html\" data-id=\"94dd626\" data-element_type=\"widget\" data-e-type=\"widget\" data-widget_type=\"html.default\">\n\t\t\t\t<div class=\"elementor-widget-container\">\n\t\t\t\t\t<div id=\"buzzsprout-large-player-tags-psychological-safety\"><\/div><script type=\"text\/javascript\" charset=\"utf-8\" src=\"https:\/\/www.buzzsprout.com\/2134480.js?artist=&amp;container_id=buzzsprout-large-player-tags-psychological-safety&amp;player=large&amp;tags=Psychological+Safety\"><\/script> \t\t\t\t<\/div>\n\t\t\t\t<\/div>\n\t\t<div class=\"elementor-element elementor-element-f699fc9 e-con-full e-flex e-con e-child\" data-id=\"f699fc9\" data-element_type=\"container\" data-e-type=\"container\">\n\t\t\t\t<div class=\"elementor-element elementor-element-aebcca2 elementor-widget elementor-widget-heading\" data-id=\"aebcca2\" data-element_type=\"widget\" data-e-type=\"widget\" data-widget_type=\"heading.default\">\n\t\t\t\t<div class=\"elementor-widget-container\">\n\t\t\t\t\t<h5 class=\"elementor-heading-title elementor-size-default\"><a href=\"https:\/\/consulting.workplaceoptions.com\/solution\/organizational-change-and-restructuring\/\">Changement organisationnel et restructuration<\/a><\/h5>\t\t\t\t<\/div>\n\t\t\t\t<\/div>\n\t\t\t\t<div class=\"elementor-element elementor-element-c82302a elementor-widget elementor-widget-html\" data-id=\"c82302a\" data-element_type=\"widget\" data-e-type=\"widget\" data-widget_type=\"html.default\">\n\t\t\t\t<div class=\"elementor-widget-container\">\n\t\t\t\t\t<div id=\"buzzsprout-large-player-tags-change\"><\/div><script type=\"text\/javascript\" charset=\"utf-8\" src=\"https:\/\/www.buzzsprout.com\/2134480.js?artist=&amp;container_id=buzzsprout-large-player-tags-change&amp;player=large&amp;tags=Change\"><\/script>\t\t\t\t<\/div>\n\t\t\t\t<\/div>\n\t\t\t\t<\/div>\n\t\t<div class=\"elementor-element elementor-element-865f971 e-con-full e-flex e-con e-child\" data-id=\"865f971\" data-element_type=\"container\" data-e-type=\"container\">\n\t\t\t\t<div class=\"elementor-element elementor-element-ecee6bf elementor-widget elementor-widget-heading\" data-id=\"ecee6bf\" data-element_type=\"widget\" data-e-type=\"widget\" data-widget_type=\"heading.default\">\n\t\t\t\t<div class=\"elementor-widget-container\">\n\t\t\t\t\t<h5 class=\"elementor-heading-title elementor-size-default\"><a href=\"https:\/\/consulting.workplaceoptions.com\/solution\/equity-and-inclusion\/\">\u00c9quit\u00e9 et inclusion<\/a><\/h5>\t\t\t\t<\/div>\n\t\t\t\t<\/div>\n\t\t\t\t<div class=\"elementor-element elementor-element-8b5e4c9 elementor-widget elementor-widget-html\" data-id=\"8b5e4c9\" data-element_type=\"widget\" data-e-type=\"widget\" data-widget_type=\"html.default\">\n\t\t\t\t<div class=\"elementor-widget-container\">\n\t\t\t\t\t<div id=\"buzzsprout-large-player-tags-dei\"><\/div><script type=\"text\/javascript\" charset=\"utf-8\" src=\"https:\/\/www.buzzsprout.com\/2134480.js?artist=&amp;container_id=buzzsprout-large-player-tags-dei&amp;player=large&amp;tags=DEI\"><\/script> \t\t\t\t<\/div>\n\t\t\t\t<\/div>\n\t\t\t\t<\/div>\n\t\t<div class=\"elementor-element elementor-element-2c5754b e-con-full e-flex e-con e-child\" data-id=\"2c5754b\" data-element_type=\"container\" data-e-type=\"container\">\n\t\t\t\t<div class=\"elementor-element elementor-element-2ffafb7 elementor-widget elementor-widget-heading\" data-id=\"2ffafb7\" data-element_type=\"widget\" data-e-type=\"widget\" data-widget_type=\"heading.default\">\n\t\t\t\t<div class=\"elementor-widget-container\">\n\t\t\t\t\t<h5 class=\"elementor-heading-title elementor-size-default\"><a href=\"https:\/\/consulting.workplaceoptions.com\/solution\/burnout-prevention\/\">L'\u00e9puisement professionnel et le stress  <\/a><\/h5>\t\t\t\t<\/div>\n\t\t\t\t<\/div>\n\t\t\t\t<div class=\"elementor-element elementor-element-1e68248 elementor-widget elementor-widget-html\" data-id=\"1e68248\" data-element_type=\"widget\" data-e-type=\"widget\" data-widget_type=\"html.default\">\n\t\t\t\t<div class=\"elementor-widget-container\">\n\t\t\t\t\t<div id=\"buzzsprout-large-player-tags-burnout-stress\"><\/div><script type=\"text\/javascript\" charset=\"utf-8\" src=\"https:\/\/www.buzzsprout.com\/2134480.js?artist=&amp;container_id=buzzsprout-large-player-tags-burnout-stress&amp;player=large&amp;tags=Burnout%2C+Stress\"><\/script> \t\t\t\t<\/div>\n\t\t\t\t<\/div>\n\t\t\t\t<\/div>\n\t\t<div class=\"elementor-element elementor-element-a9222c0 e-con-full e-flex e-con e-child\" data-id=\"a9222c0\" data-element_type=\"container\" data-e-type=\"container\">\n\t\t\t\t<div class=\"elementor-element elementor-element-1c59e2b elementor-widget elementor-widget-heading\" data-id=\"1c59e2b\" data-element_type=\"widget\" data-e-type=\"widget\" data-widget_type=\"heading.default\">\n\t\t\t\t<div class=\"elementor-widget-container\">\n\t\t\t\t\t<h5 class=\"elementor-heading-title elementor-size-default\"><a href=\"https:\/\/consulting.workplaceoptions.com\/solution\/wellbeing-promoter-initiatives\/\">Initiatives de promotion du bien-\u00eatre<\/a><\/h5>\t\t\t\t<\/div>\n\t\t\t\t<\/div>\n\t\t\t\t<div class=\"elementor-element elementor-element-5990545 elementor-widget elementor-widget-html\" data-id=\"5990545\" data-element_type=\"widget\" data-e-type=\"widget\" data-widget_type=\"html.default\">\n\t\t\t\t<div class=\"elementor-widget-container\">\n\t\t\t\t\t<div id=\"buzzsprout-large-player-tags-wellbeing-ambassador-program\"><\/div><script type=\"text\/javascript\" charset=\"utf-8\" src=\"https:\/\/www.buzzsprout.com\/2134480.js?artist=&amp;container_id=buzzsprout-large-player-tags-wellbeing-ambassador-program&amp;player=large&amp;tags=Wellbeing+Ambassador+Program\"><\/script> \t\t\t\t<\/div>\n\t\t\t\t<\/div>\n\t\t\t\t<\/div>\n\t\t\t\t\t<\/div>\n\t\t\t\t<\/div>\n\t\t<div class=\"elementor-element elementor-element-ec8209f e-con-full e-flex e-con e-parent\" data-id=\"ec8209f\" data-element_type=\"container\" data-e-type=\"container\">\n\t\t<div class=\"elementor-element elementor-element-c180fa0 e-con-full e-flex e-con e-child\" data-id=\"c180fa0\" data-element_type=\"container\" data-e-type=\"container\">\n\t\t\t\t<div class=\"elementor-element elementor-element-357acdb elementor-widget__width-inherit elementor-widget elementor-widget-vc_cta\" data-id=\"357acdb\" data-element_type=\"widget\" data-e-type=\"widget\" data-widget_type=\"vc_cta.default\">\n\t\t\t\t<div class=\"elementor-widget-container\">\n\t\t\t\t\t\n<div class=\"ce_cta ce_cta_27908bc493b693fd6cb62d0f68b78355 ce_text_left  add_button_right btn_align_center btn_button_block_ btn_has_icon btn_has_icon_on_the_right\" id=\"\">\n\t<div class=\"ce_cta__content\">\n\t\t<div class=\"ce_cta__content__header\">\n\t\t\t\t\t<\/div>\n\t\t\t\t\t<div class=\"ce_cta__content__text\">\n\t\t\t\t<h3><span style=\"color: #ffffff;\">Get in touch with our consulting experts <\/span><\/h3>\n\t\t\t<\/div>\n\t\t\t<\/div>\n\n\t\t<div class=\"ce_cta__action\">\n\t\t<a\n\t\t\thref=\"https:\/\/consulting.workplaceoptions.com\/contact\/\"\n\t\t\t\t\t\ttarget=\"_self\"\n\t\t\tclass=\"button\n\t\t\t\t\t\">\n\t\t\t<span>Talk with a consultant<\/span>\n\t\t\t\t\t\t<i class=\"fa fa-chevron-right\"><\/i>\n\t\t\t\t\t<\/a>\n\t<\/div>\n\t<\/div>\n\t\t\t\t<\/div>\n\t\t\t\t<\/div>\n\t\t\t\t<\/div>\n\t\t\t\t<\/div>\n\t\t\t\t<\/div>\n\t\t","protected":false},"excerpt":{"rendered":"<p>Bienvenue dans la s&eacute;rie de podcasts sur le bien-&ecirc;tre au travail, propos&eacute;e par le Conseil en Organisation et Engagement. Notre mission est de transformer l&rsquo;engagement des employ&eacute;s en utilisant des informations sur le bien-&ecirc;tre en temps r&eacute;el pour cr&eacute;er des strat&eacute;gies actionnables et pr&eacute;dictives qui favorisent la r&eacute;ussite de l&rsquo;organisation. Dans chaque &eacute;pisode, nous nous<\/p>\n","protected":false},"author":1,"featured_media":11292,"parent":0,"menu_order":0,"comment_status":"closed","ping_status":"closed","template":"","meta":{"_acf_changed":false,"footnotes":""},"class_list":["post-11573","page","type-page","status-publish","has-post-thumbnail","hentry"],"acf":[],"yoast_head":"<!-- This site is optimized with the Yoast SEO plugin v27.4 - https:\/\/yoast.com\/product\/yoast-seo-wordpress\/ -->\n<title>Podcasts sur le bien-\u00eatre au travail - The Center for Organizational Effectiveness<\/title>\n<meta name=\"description\" content=\"Les solutions strat\u00e9giques de bien-\u00eatre propos\u00e9es par le Conseil en Organisation et Engagement sont con\u00e7ues pour le bien-\u00eatre de vos employ\u00e9s.\" \/>\n<meta name=\"robots\" content=\"index, follow, max-snippet:-1, max-image-preview:large, max-video-preview:-1\" \/>\n<link rel=\"canonical\" href=\"https:\/\/consulting.workplaceoptions.com\/fr\/podcasts-sur-le-bien-etre-au-travail\/\" \/>\n<meta property=\"og:locale\" content=\"fr_FR\" \/>\n<meta property=\"og:type\" content=\"article\" \/>\n<meta property=\"og:title\" content=\"Podcasts sur le bien-\u00eatre au travail - The Center for Organizational Effectiveness\" \/>\n<meta property=\"og:description\" content=\"Les solutions strat\u00e9giques de bien-\u00eatre propos\u00e9es par le Conseil en Organisation et Engagement sont con\u00e7ues pour le bien-\u00eatre de vos employ\u00e9s.\" \/>\n<meta property=\"og:url\" content=\"https:\/\/consulting.workplaceoptions.com\/fr\/podcasts-sur-le-bien-etre-au-travail\/\" \/>\n<meta property=\"og:site_name\" content=\"The Center for Organizational Effectiveness\" \/>\n<meta property=\"article:modified_time\" content=\"2025-06-13T10:56:41+00:00\" \/>\n<meta property=\"og:image\" content=\"https:\/\/consulting.workplaceoptions.com\/wp-content\/uploads\/2023\/11\/events-5-1.jpg\" \/>\n<meta name=\"twitter:card\" content=\"summary_large_image\" \/>\n<meta name=\"twitter:image\" content=\"https:\/\/consulting.workplaceoptions.com\/wp-content\/uploads\/2023\/11\/events-5-1.jpg\" \/>\n<meta name=\"twitter:label1\" content=\"Dur\u00e9e de lecture estim\u00e9e\" \/>\n\t<meta name=\"twitter:data1\" content=\"1 minute\" \/>\n<script type=\"application\/ld+json\" class=\"yoast-schema-graph\">{\"@context\":\"https:\\\/\\\/schema.org\",\"@graph\":[{\"@type\":\"WebPage\",\"@id\":\"https:\\\/\\\/consulting.workplaceoptions.com\\\/fr\\\/podcasts-sur-le-bien-etre-au-travail\\\/\",\"url\":\"https:\\\/\\\/consulting.workplaceoptions.com\\\/fr\\\/podcasts-sur-le-bien-etre-au-travail\\\/\",\"name\":\"Podcasts sur le bien-\u00eatre au travail - The Center for Organizational Effectiveness\",\"isPartOf\":{\"@id\":\"https:\\\/\\\/consulting.workplaceoptions.com\\\/fr\\\/#website\"},\"primaryImageOfPage\":{\"@id\":\"https:\\\/\\\/consulting.workplaceoptions.com\\\/fr\\\/podcasts-sur-le-bien-etre-au-travail\\\/#primaryimage\"},\"image\":{\"@id\":\"https:\\\/\\\/consulting.workplaceoptions.com\\\/fr\\\/podcasts-sur-le-bien-etre-au-travail\\\/#primaryimage\"},\"thumbnailUrl\":\"https:\\\/\\\/consulting.workplaceoptions.com\\\/wp-content\\\/uploads\\\/2023\\\/11\\\/events-5-1.jpg\",\"datePublished\":\"2025-03-26T16:44:11+00:00\",\"dateModified\":\"2025-06-13T10:56:41+00:00\",\"description\":\"Les solutions strat\u00e9giques de bien-\u00eatre propos\u00e9es par le Conseil en Organisation et Engagement sont con\u00e7ues pour le bien-\u00eatre de vos employ\u00e9s.\",\"breadcrumb\":{\"@id\":\"https:\\\/\\\/consulting.workplaceoptions.com\\\/fr\\\/podcasts-sur-le-bien-etre-au-travail\\\/#breadcrumb\"},\"inLanguage\":\"fr-FR\",\"potentialAction\":[{\"@type\":\"ReadAction\",\"target\":[\"https:\\\/\\\/consulting.workplaceoptions.com\\\/fr\\\/podcasts-sur-le-bien-etre-au-travail\\\/\"]}]},{\"@type\":\"ImageObject\",\"inLanguage\":\"fr-FR\",\"@id\":\"https:\\\/\\\/consulting.workplaceoptions.com\\\/fr\\\/podcasts-sur-le-bien-etre-au-travail\\\/#primaryimage\",\"url\":\"https:\\\/\\\/consulting.workplaceoptions.com\\\/wp-content\\\/uploads\\\/2023\\\/11\\\/events-5-1.jpg\",\"contentUrl\":\"https:\\\/\\\/consulting.workplaceoptions.com\\\/wp-content\\\/uploads\\\/2023\\\/11\\\/events-5-1.jpg\",\"width\":1140,\"height\":855,\"caption\":\"Wellbeing Strategies\"},{\"@type\":\"BreadcrumbList\",\"@id\":\"https:\\\/\\\/consulting.workplaceoptions.com\\\/fr\\\/podcasts-sur-le-bien-etre-au-travail\\\/#breadcrumb\",\"itemListElement\":[{\"@type\":\"ListItem\",\"position\":1,\"name\":\"Home\",\"item\":\"https:\\\/\\\/consulting.workplaceoptions.com\\\/fr\\\/le-centre-pour-lefficacite-organisationnelle\\\/\"},{\"@type\":\"ListItem\",\"position\":2,\"name\":\"Podcasts sur le bien-\u00eatre au travail\"}]},{\"@type\":\"WebSite\",\"@id\":\"https:\\\/\\\/consulting.workplaceoptions.com\\\/fr\\\/#website\",\"url\":\"https:\\\/\\\/consulting.workplaceoptions.com\\\/fr\\\/\",\"name\":\"COE\",\"description\":\"Navigating Change. Supporting People. Driving Results.\",\"publisher\":{\"@id\":\"https:\\\/\\\/consulting.workplaceoptions.com\\\/fr\\\/#organization\"},\"potentialAction\":[{\"@type\":\"SearchAction\",\"target\":{\"@type\":\"EntryPoint\",\"urlTemplate\":\"https:\\\/\\\/consulting.workplaceoptions.com\\\/fr\\\/?s={search_term_string}\"},\"query-input\":{\"@type\":\"PropertyValueSpecification\",\"valueRequired\":true,\"valueName\":\"search_term_string\"}}],\"inLanguage\":\"fr-FR\"},{\"@type\":\"Organization\",\"@id\":\"https:\\\/\\\/consulting.workplaceoptions.com\\\/fr\\\/#organization\",\"name\":\"The Center for Organizational Effectiveness\",\"alternateName\":\"COE\",\"url\":\"https:\\\/\\\/consulting.workplaceoptions.com\\\/fr\\\/\",\"logo\":{\"@type\":\"ImageObject\",\"inLanguage\":\"fr-FR\",\"@id\":\"https:\\\/\\\/consulting.workplaceoptions.com\\\/fr\\\/#\\\/schema\\\/logo\\\/image\\\/\",\"url\":\"https:\\\/\\\/consulting.workplaceoptions.com\\\/wp-content\\\/uploads\\\/2026\\\/04\\\/Color-1.svg\",\"contentUrl\":\"https:\\\/\\\/consulting.workplaceoptions.com\\\/wp-content\\\/uploads\\\/2026\\\/04\\\/Color-1.svg\",\"width\":600,\"height\":195,\"caption\":\"The Center for Organizational Effectiveness\"},\"image\":{\"@id\":\"https:\\\/\\\/consulting.workplaceoptions.com\\\/fr\\\/#\\\/schema\\\/logo\\\/image\\\/\"},\"sameAs\":[\"https:\\\/\\\/linkd.in\\\/TxPCRr\"]}]}<\/script>\n<!-- \/ Yoast SEO plugin. -->","yoast_head_json":{"title":"Podcasts sur le bien-\u00eatre au travail - The Center for Organizational Effectiveness","description":"Les solutions strat\u00e9giques de bien-\u00eatre propos\u00e9es par le Conseil en Organisation et Engagement sont con\u00e7ues pour le bien-\u00eatre de vos employ\u00e9s.","robots":{"index":"index","follow":"follow","max-snippet":"max-snippet:-1","max-image-preview":"max-image-preview:large","max-video-preview":"max-video-preview:-1"},"canonical":"https:\/\/consulting.workplaceoptions.com\/fr\/podcasts-sur-le-bien-etre-au-travail\/","og_locale":"fr_FR","og_type":"article","og_title":"Podcasts sur le bien-\u00eatre au travail - The Center for Organizational Effectiveness","og_description":"Les solutions strat\u00e9giques de bien-\u00eatre propos\u00e9es par le Conseil en Organisation et Engagement sont con\u00e7ues pour le bien-\u00eatre de vos employ\u00e9s.","og_url":"https:\/\/consulting.workplaceoptions.com\/fr\/podcasts-sur-le-bien-etre-au-travail\/","og_site_name":"The Center for Organizational Effectiveness","article_modified_time":"2025-06-13T10:56:41+00:00","og_image":[{"url":"https:\/\/consulting.workplaceoptions.com\/wp-content\/uploads\/2023\/11\/events-5-1.jpg","type":"","width":"","height":""}],"twitter_card":"summary_large_image","twitter_image":"https:\/\/consulting.workplaceoptions.com\/wp-content\/uploads\/2023\/11\/events-5-1.jpg","twitter_misc":{"Dur\u00e9e de lecture estim\u00e9e":"1 minute"},"schema":{"@context":"https:\/\/schema.org","@graph":[{"@type":"WebPage","@id":"https:\/\/consulting.workplaceoptions.com\/fr\/podcasts-sur-le-bien-etre-au-travail\/","url":"https:\/\/consulting.workplaceoptions.com\/fr\/podcasts-sur-le-bien-etre-au-travail\/","name":"Podcasts sur le bien-\u00eatre au travail - The Center for Organizational Effectiveness","isPartOf":{"@id":"https:\/\/consulting.workplaceoptions.com\/fr\/#website"},"primaryImageOfPage":{"@id":"https:\/\/consulting.workplaceoptions.com\/fr\/podcasts-sur-le-bien-etre-au-travail\/#primaryimage"},"image":{"@id":"https:\/\/consulting.workplaceoptions.com\/fr\/podcasts-sur-le-bien-etre-au-travail\/#primaryimage"},"thumbnailUrl":"https:\/\/consulting.workplaceoptions.com\/wp-content\/uploads\/2023\/11\/events-5-1.jpg","datePublished":"2025-03-26T16:44:11+00:00","dateModified":"2025-06-13T10:56:41+00:00","description":"Les solutions strat\u00e9giques de bien-\u00eatre propos\u00e9es par le Conseil en Organisation et Engagement sont con\u00e7ues pour le bien-\u00eatre de vos employ\u00e9s.","breadcrumb":{"@id":"https:\/\/consulting.workplaceoptions.com\/fr\/podcasts-sur-le-bien-etre-au-travail\/#breadcrumb"},"inLanguage":"fr-FR","potentialAction":[{"@type":"ReadAction","target":["https:\/\/consulting.workplaceoptions.com\/fr\/podcasts-sur-le-bien-etre-au-travail\/"]}]},{"@type":"ImageObject","inLanguage":"fr-FR","@id":"https:\/\/consulting.workplaceoptions.com\/fr\/podcasts-sur-le-bien-etre-au-travail\/#primaryimage","url":"https:\/\/consulting.workplaceoptions.com\/wp-content\/uploads\/2023\/11\/events-5-1.jpg","contentUrl":"https:\/\/consulting.workplaceoptions.com\/wp-content\/uploads\/2023\/11\/events-5-1.jpg","width":1140,"height":855,"caption":"Wellbeing Strategies"},{"@type":"BreadcrumbList","@id":"https:\/\/consulting.workplaceoptions.com\/fr\/podcasts-sur-le-bien-etre-au-travail\/#breadcrumb","itemListElement":[{"@type":"ListItem","position":1,"name":"Home","item":"https:\/\/consulting.workplaceoptions.com\/fr\/le-centre-pour-lefficacite-organisationnelle\/"},{"@type":"ListItem","position":2,"name":"Podcasts sur le bien-\u00eatre au travail"}]},{"@type":"WebSite","@id":"https:\/\/consulting.workplaceoptions.com\/fr\/#website","url":"https:\/\/consulting.workplaceoptions.com\/fr\/","name":"COE","description":"Navigating Change. Supporting People. Driving Results.","publisher":{"@id":"https:\/\/consulting.workplaceoptions.com\/fr\/#organization"},"potentialAction":[{"@type":"SearchAction","target":{"@type":"EntryPoint","urlTemplate":"https:\/\/consulting.workplaceoptions.com\/fr\/?s={search_term_string}"},"query-input":{"@type":"PropertyValueSpecification","valueRequired":true,"valueName":"search_term_string"}}],"inLanguage":"fr-FR"},{"@type":"Organization","@id":"https:\/\/consulting.workplaceoptions.com\/fr\/#organization","name":"The Center for Organizational Effectiveness","alternateName":"COE","url":"https:\/\/consulting.workplaceoptions.com\/fr\/","logo":{"@type":"ImageObject","inLanguage":"fr-FR","@id":"https:\/\/consulting.workplaceoptions.com\/fr\/#\/schema\/logo\/image\/","url":"https:\/\/consulting.workplaceoptions.com\/wp-content\/uploads\/2026\/04\/Color-1.svg","contentUrl":"https:\/\/consulting.workplaceoptions.com\/wp-content\/uploads\/2026\/04\/Color-1.svg","width":600,"height":195,"caption":"The Center for Organizational Effectiveness"},"image":{"@id":"https:\/\/consulting.workplaceoptions.com\/fr\/#\/schema\/logo\/image\/"},"sameAs":["https:\/\/linkd.in\/TxPCRr"]}]}},"_links":{"self":[{"href":"https:\/\/consulting.workplaceoptions.com\/fr\/wp-json\/wp\/v2\/pages\/11573","targetHints":{"allow":["GET"]}}],"collection":[{"href":"https:\/\/consulting.workplaceoptions.com\/fr\/wp-json\/wp\/v2\/pages"}],"about":[{"href":"https:\/\/consulting.workplaceoptions.com\/fr\/wp-json\/wp\/v2\/types\/page"}],"author":[{"embeddable":true,"href":"https:\/\/consulting.workplaceoptions.com\/fr\/wp-json\/wp\/v2\/users\/1"}],"replies":[{"embeddable":true,"href":"https:\/\/consulting.workplaceoptions.com\/fr\/wp-json\/wp\/v2\/comments?post=11573"}],"version-history":[{"count":1,"href":"https:\/\/consulting.workplaceoptions.com\/fr\/wp-json\/wp\/v2\/pages\/11573\/revisions"}],"predecessor-version":[{"id":11574,"href":"https:\/\/consulting.workplaceoptions.com\/fr\/wp-json\/wp\/v2\/pages\/11573\/revisions\/11574"}],"wp:featuredmedia":[{"embeddable":true,"href":"https:\/\/consulting.workplaceoptions.com\/fr\/wp-json\/wp\/v2\/media\/11292"}],"wp:attachment":[{"href":"https:\/\/consulting.workplaceoptions.com\/fr\/wp-json\/wp\/v2\/media?parent=11573"}],"curies":[{"name":"wp","href":"https:\/\/api.w.org\/{rel}","templated":true}]}}