{"id":11581,"date":"2019-12-09T12:18:53","date_gmt":"2019-12-09T16:18:53","guid":{"rendered":"https:\/\/consulting.workplaceoptions.com\/nos-etudes-de-cas-sur-le-conseil-en-bien-etre\/"},"modified":"2025-06-19T11:08:03","modified_gmt":"2025-06-19T15:08:03","slug":"nos-etudes-de-cas-sur-le-conseil-en-bien-etre","status":"publish","type":"page","link":"https:\/\/consulting.workplaceoptions.com\/fr\/nos-etudes-de-cas-sur-le-conseil-en-bien-etre\/","title":{"rendered":"Nos \u00e9tudes de cas sur le conseil en bien-\u00eatre"},"content":{"rendered":"\t\t<div data-elementor-type=\"wp-page\" data-elementor-id=\"11581\" class=\"elementor elementor-11581 elementor-6326\" data-elementor-post-type=\"page\">\n\t\t\t\t<div class=\"elementor-element elementor-element-ab39a8f e-flex e-con-boxed e-con e-parent\" data-id=\"ab39a8f\" data-element_type=\"container\" data-e-type=\"container\">\n\t\t\t\t\t<div class=\"e-con-inner\">\n\t\t\t\t<div class=\"elementor-element elementor-element-2643b6a elementor-widget elementor-widget-stm_services\" data-id=\"2643b6a\" data-element_type=\"widget\" data-e-type=\"widget\" data-widget_type=\"stm_services.default\">\n\t\t\t\t<div class=\"elementor-widget-container\">\n\t\t\t\t\t\n    <div class=\"stm_services consulting_elementor_services style_4 cols_3\">\n                    <div class=\"item\">\n                <div class=\"item_wr\">\n                                                                    <div class=\"item_thumbnail\">\n                            <a href=\"https:\/\/consulting.workplaceoptions.com\/fr\/renforcer-la-resilience-au-dela-de-la-conformite-une-session-sur-les-risques-psychosociaux-avec-vanessa-ezerzer-noemie-leger-et-carole-da-silva\/\">\n                                <img src='https:\/\/consulting.workplaceoptions.com\/wp-content\/uploads\/2025\/06\/VanessaNoemie-1024x683.jpg' alt='psychosocial risk management' \/>                                <div class=\"item_info\">\n                                    <h5>Renforcer la r\u00e9silience au-del\u00e0 de la conformit\u00e9 : Une session sur les risques psychosociaux avec Vanessa Ezerzer, No\u00e9mie Leger et Carole Da Silva<\/h5>\n                                    <span>\n    <i class=\"stm-lnr-arrow-right before-text\"><\/i>\n    En savoir plus    <i class=\"stm-lnr-arrow-right\"><\/i>\n<\/span>\n<\/div>\n                            <\/a>\n                        <\/div>\n                                    <\/div>\n            <\/div>\n                    <div class=\"item\">\n                <div class=\"item_wr\">\n                                                                    <div class=\"item_thumbnail\">\n                            <a href=\"https:\/\/consulting.workplaceoptions.com\/fr\/comprendre-les-bases-de-la-securite-psychologique-une-seance-avec-gana-diagne\/\">\n                                <img src='https:\/\/consulting.workplaceoptions.com\/wp-content\/uploads\/2025\/06\/Gana-1024x679.jpg' alt='psychological safety at work' \/>                                <div class=\"item_info\">\n                                    <h5>Comprendre les bases de la s\u00e9curit\u00e9 psychologique : Une s\u00e9ance avec Gana Diagne<\/h5>\n                                    <span>\n    <i class=\"stm-lnr-arrow-right before-text\"><\/i>\n    En savoir plus    <i class=\"stm-lnr-arrow-right\"><\/i>\n<\/span>\n<\/div>\n                            <\/a>\n                        <\/div>\n                                    <\/div>\n            <\/div>\n                    <div class=\"item\">\n                <div class=\"item_wr\">\n                                                                    <div class=\"item_thumbnail\">\n                            <a href=\"https:\/\/consulting.workplaceoptions.com\/fr\/la-securite-psychologique-a-lepreuve-des-faits-une-seance-avec-bob-batchelor-et-oliver-brecht\/\">\n                                <img src='https:\/\/consulting.workplaceoptions.com\/wp-content\/uploads\/2025\/06\/BobOliver-1024x683.jpg' alt='psychological safety in the workplace' \/>                                <div class=\"item_info\">\n                                    <h5>La s\u00e9curit\u00e9 psychologique \u00e0 l&rsquo;\u00e9preuve des faits : Une s\u00e9ance avec Bob Batchelor et Oliver Brecht<\/h5>\n                                    <span>\n    <i class=\"stm-lnr-arrow-right before-text\"><\/i>\n    En savoir plus    <i class=\"stm-lnr-arrow-right\"><\/i>\n<\/span>\n<\/div>\n                            <\/a>\n                        <\/div>\n                                    <\/div>\n            <\/div>\n                    <div class=\"item\">\n                <div class=\"item_wr\">\n                                                                    <div class=\"item_thumbnail\">\n                            <a href=\"https:\/\/consulting.workplaceoptions.com\/fr\/un-leadership-pret-au-changement-une-session-avec-donald-thompson-et-marie-boon-falleur\/\">\n                                <img src='https:\/\/consulting.workplaceoptions.com\/wp-content\/uploads\/2025\/06\/DonMarie-1024x683.jpg' alt='Leadership in times of change' \/>                                <div class=\"item_info\">\n                                    <h5>Un leadership pr\u00eat au changement : Une session avec Donald Thompson et Marie Boon-Falleur<\/h5>\n                                    <span>\n    <i class=\"stm-lnr-arrow-right before-text\"><\/i>\n    En savoir plus    <i class=\"stm-lnr-arrow-right\"><\/i>\n<\/span>\n<\/div>\n                            <\/a>\n                        <\/div>\n                                    <\/div>\n            <\/div>\n                    <div class=\"item\">\n                <div class=\"item_wr\">\n                                                                    <div class=\"item_thumbnail\">\n                            <a href=\"https:\/\/consulting.workplaceoptions.com\/fr\/attenuer-les-risques-psychosociaux-avant-quune-catastrophe-ne-survienne-une-session-avec-bianca-buie-et-mary-ellen-gornick\/\">\n                                <img src='https:\/\/consulting.workplaceoptions.com\/wp-content\/uploads\/2025\/06\/Rivkah-1024x683.jpg' alt='' \/>                                <div class=\"item_info\">\n                                    <h5>Att\u00e9nuer les risques psychosociaux avant qu&rsquo;une catastrophe ne survienne : Une session avec Bianca Buie et Mary Ellen Gornick<\/h5>\n                                    <span>\n    <i class=\"stm-lnr-arrow-right before-text\"><\/i>\n    En savoir plus    <i class=\"stm-lnr-arrow-right\"><\/i>\n<\/span>\n<\/div>\n                            <\/a>\n                        <\/div>\n                                    <\/div>\n            <\/div>\n                    <div class=\"item\">\n                <div class=\"item_wr\">\n                                                                    <div class=\"item_thumbnail\">\n                            <a href=\"https:\/\/consulting.workplaceoptions.com\/fr\/concevoir-lepuisement-professionnel-une-conversation-avec-kurt-merriweather-et-starr-guthrie\/\">\n                                <img src='https:\/\/consulting.workplaceoptions.com\/wp-content\/uploads\/2025\/06\/KurtStarr.jpg' alt='Preventing workplace burnout' \/>                                <div class=\"item_info\">\n                                    <h5>Concevoir l&rsquo;\u00e9puisement professionnel &#8211; Une conversation avec Kurt Merriweather et Starr Guthrie<\/h5>\n                                    <span>\n    <i class=\"stm-lnr-arrow-right before-text\"><\/i>\n    En savoir plus    <i class=\"stm-lnr-arrow-right\"><\/i>\n<\/span>\n<\/div>\n                            <\/a>\n                        <\/div>\n                                    <\/div>\n            <\/div>\n                    <div class=\"item\">\n                <div class=\"item_wr\">\n                                                                    <div class=\"item_thumbnail\">\n                            <a href=\"https:\/\/consulting.workplaceoptions.com\/fr\/quelles-sont-les-causes-de-lepuisement-professionnel-et-comment-savoir-sil-affecte-votre-equipe-une-seance-avec-oliver-brecht\/\">\n                                <img src='https:\/\/consulting.workplaceoptions.com\/wp-content\/uploads\/2025\/06\/Oliver-1024x609.jpg' alt='Workplace burnout causes' \/>                                <div class=\"item_info\">\n                                    <h5>Quelles sont les causes de l&rsquo;\u00e9puisement professionnel ? Et comment savoir s&rsquo;il affecte votre \u00e9quipe ? Une s\u00e9ance avec Oliver Brecht<\/h5>\n                                    <span>\n    <i class=\"stm-lnr-arrow-right before-text\"><\/i>\n    En savoir plus    <i class=\"stm-lnr-arrow-right\"><\/i>\n<\/span>\n<\/div>\n                            <\/a>\n                        <\/div>\n                                    <\/div>\n            <\/div>\n                    <div class=\"item\">\n                <div class=\"item_wr\">\n                                                                    <div class=\"item_thumbnail\">\n                            <a href=\"https:\/\/consulting.workplaceoptions.com\/fr\/lancement-du-conseil-en-organisation-et-engagement-une-nouvelle-ere-pour-le-bien-etre-au-travail\/\">\n                                <img src='https:\/\/consulting.workplaceoptions.com\/wp-content\/uploads\/2025\/03\/COE-Website-Blog-1024x768.png' alt='' \/>                                <div class=\"item_info\">\n                                    <h5>Lancement du Conseil en Organisation et Engagement : Une nouvelle \u00e8re pour le bien-\u00eatre au travail<\/h5>\n                                    <span>\n    <i class=\"stm-lnr-arrow-right before-text\"><\/i>\n    En savoir plus    <i class=\"stm-lnr-arrow-right\"><\/i>\n<\/span>\n<\/div>\n                            <\/a>\n                        <\/div>\n                                    <\/div>\n            <\/div>\n            <\/div>\n\n    <!-- Pagination -->\n    <div class=\"events_pagination\">\n        <ul class=\"page-numbers\">\n                    <\/ul>\n    <\/div>\n\n\t\t\t\t<\/div>\n\t\t\t\t<\/div>\n\t\t\t\t\t<\/div>\n\t\t\t\t<\/div>\n\t\t\t\t<\/div>\n\t\t","protected":false},"excerpt":{"rendered":"<p>Hello world! Read more A digital prescription for the pharma industry Read more Narrow Your Focus to Prevent Overanalysis Read more A Fruitful Retirement: Social Security Benefit Read more 4 Steps To Consider Before You Start Read more 8 Tips for Building a Bankable Business Read more Harvest great ideas from your company&rsquo;s best assets<\/p>\n","protected":false},"author":1,"featured_media":11224,"parent":0,"menu_order":0,"comment_status":"closed","ping_status":"closed","template":"","meta":{"_acf_changed":false,"footnotes":""},"class_list":["post-11581","page","type-page","status-publish","has-post-thumbnail","hentry"],"acf":[],"yoast_head":"<!-- This site is optimized with the Yoast SEO plugin v27.3 - https:\/\/yoast.com\/product\/yoast-seo-wordpress\/ -->\n<title>Nos \u00e9tudes de cas sur le conseil en bien-\u00eatre - The Center for Organizational Effectiveness<\/title>\n<meta name=\"description\" content=\"Des \u00e9tudes de cas sur le conseil en bien-\u00eatre pour voir comment nous aidons les entreprises \u00e0 aligner les strat\u00e9gies de bien-\u00eatre sur les objectifs de l&#039;organisation.\" \/>\n<meta name=\"robots\" content=\"index, follow, max-snippet:-1, max-image-preview:large, max-video-preview:-1\" \/>\n<link rel=\"canonical\" href=\"https:\/\/consulting.workplaceoptions.com\/fr\/nos-etudes-de-cas-sur-le-conseil-en-bien-etre\/\" \/>\n<meta property=\"og:locale\" content=\"fr_FR\" \/>\n<meta property=\"og:type\" content=\"article\" \/>\n<meta property=\"og:title\" content=\"Nos \u00e9tudes de cas sur le conseil en bien-\u00eatre - The Center for Organizational Effectiveness\" \/>\n<meta property=\"og:description\" content=\"Des \u00e9tudes de cas sur le conseil en bien-\u00eatre pour voir comment nous aidons les entreprises \u00e0 aligner les strat\u00e9gies de bien-\u00eatre sur les objectifs de l&#039;organisation.\" \/>\n<meta property=\"og:url\" content=\"https:\/\/consulting.workplaceoptions.com\/fr\/nos-etudes-de-cas-sur-le-conseil-en-bien-etre\/\" \/>\n<meta property=\"og:site_name\" content=\"The Center for Organizational Effectiveness\" \/>\n<meta property=\"article:publisher\" content=\"https:\/\/on.fb.me\/1jGy68h\" \/>\n<meta property=\"article:modified_time\" content=\"2025-06-19T15:08:03+00:00\" \/>\n<meta property=\"og:image\" content=\"https:\/\/consulting.workplaceoptions.com\/wp-content\/uploads\/2023\/11\/events-2-1.jpg\" \/>\n<meta name=\"twitter:card\" content=\"summary_large_image\" \/>\n<meta name=\"twitter:image\" content=\"https:\/\/consulting.workplaceoptions.com\/wp-content\/uploads\/2023\/11\/events-2-1.jpg\" \/>\n<meta name=\"twitter:site\" content=\"@WorkplaceOption\" \/>\n<meta name=\"twitter:label1\" content=\"Dur\u00e9e de lecture estim\u00e9e\" \/>\n\t<meta name=\"twitter:data1\" content=\"3 minutes\" \/>\n<script type=\"application\/ld+json\" class=\"yoast-schema-graph\">{\"@context\":\"https:\\\/\\\/schema.org\",\"@graph\":[{\"@type\":\"WebPage\",\"@id\":\"https:\\\/\\\/consulting.workplaceoptions.com\\\/fr\\\/nos-etudes-de-cas-sur-le-conseil-en-bien-etre\\\/\",\"url\":\"https:\\\/\\\/consulting.workplaceoptions.com\\\/fr\\\/nos-etudes-de-cas-sur-le-conseil-en-bien-etre\\\/\",\"name\":\"Nos \u00e9tudes de cas sur le conseil en bien-\u00eatre - The Center for Organizational Effectiveness\",\"isPartOf\":{\"@id\":\"https:\\\/\\\/consulting.workplaceoptions.com\\\/fr\\\/#website\"},\"primaryImageOfPage\":{\"@id\":\"https:\\\/\\\/consulting.workplaceoptions.com\\\/fr\\\/nos-etudes-de-cas-sur-le-conseil-en-bien-etre\\\/#primaryimage\"},\"image\":{\"@id\":\"https:\\\/\\\/consulting.workplaceoptions.com\\\/fr\\\/nos-etudes-de-cas-sur-le-conseil-en-bien-etre\\\/#primaryimage\"},\"thumbnailUrl\":\"https:\\\/\\\/consulting.workplaceoptions.com\\\/wp-content\\\/uploads\\\/2023\\\/11\\\/events-2.jpg\",\"datePublished\":\"2019-12-09T16:18:53+00:00\",\"dateModified\":\"2025-06-19T15:08:03+00:00\",\"description\":\"Des \u00e9tudes de cas sur le conseil en bien-\u00eatre pour voir comment nous aidons les entreprises \u00e0 aligner les strat\u00e9gies de bien-\u00eatre sur les objectifs de l'organisation.\",\"breadcrumb\":{\"@id\":\"https:\\\/\\\/consulting.workplaceoptions.com\\\/fr\\\/nos-etudes-de-cas-sur-le-conseil-en-bien-etre\\\/#breadcrumb\"},\"inLanguage\":\"fr-FR\",\"potentialAction\":[{\"@type\":\"ReadAction\",\"target\":[\"https:\\\/\\\/consulting.workplaceoptions.com\\\/fr\\\/nos-etudes-de-cas-sur-le-conseil-en-bien-etre\\\/\"]}]},{\"@type\":\"ImageObject\",\"inLanguage\":\"fr-FR\",\"@id\":\"https:\\\/\\\/consulting.workplaceoptions.com\\\/fr\\\/nos-etudes-de-cas-sur-le-conseil-en-bien-etre\\\/#primaryimage\",\"url\":\"https:\\\/\\\/consulting.workplaceoptions.com\\\/wp-content\\\/uploads\\\/2023\\\/11\\\/events-2.jpg\",\"contentUrl\":\"https:\\\/\\\/consulting.workplaceoptions.com\\\/wp-content\\\/uploads\\\/2023\\\/11\\\/events-2.jpg\",\"width\":1140,\"height\":855,\"caption\":\"Wellbeing Consulting Case Studies\"},{\"@type\":\"BreadcrumbList\",\"@id\":\"https:\\\/\\\/consulting.workplaceoptions.com\\\/fr\\\/nos-etudes-de-cas-sur-le-conseil-en-bien-etre\\\/#breadcrumb\",\"itemListElement\":[{\"@type\":\"ListItem\",\"position\":1,\"name\":\"Home\",\"item\":\"https:\\\/\\\/consulting.workplaceoptions.com\\\/fr\\\/le-centre-pour-lefficacite-organisationnelle\\\/\"},{\"@type\":\"ListItem\",\"position\":2,\"name\":\"Nos \u00e9tudes de cas sur le conseil en bien-\u00eatre\"}]},{\"@type\":\"WebSite\",\"@id\":\"https:\\\/\\\/consulting.workplaceoptions.com\\\/fr\\\/#website\",\"url\":\"https:\\\/\\\/consulting.workplaceoptions.com\\\/fr\\\/\",\"name\":\"COE\",\"description\":\"Navigating Change. Supporting People. Driving Results.\",\"publisher\":{\"@id\":\"https:\\\/\\\/consulting.workplaceoptions.com\\\/fr\\\/#organization\"},\"potentialAction\":[{\"@type\":\"SearchAction\",\"target\":{\"@type\":\"EntryPoint\",\"urlTemplate\":\"https:\\\/\\\/consulting.workplaceoptions.com\\\/fr\\\/?s={search_term_string}\"},\"query-input\":{\"@type\":\"PropertyValueSpecification\",\"valueRequired\":true,\"valueName\":\"search_term_string\"}}],\"inLanguage\":\"fr-FR\"},{\"@type\":\"Organization\",\"@id\":\"https:\\\/\\\/consulting.workplaceoptions.com\\\/fr\\\/#organization\",\"name\":\"Workplace Options\",\"url\":\"https:\\\/\\\/consulting.workplaceoptions.com\\\/fr\\\/\",\"logo\":{\"@type\":\"ImageObject\",\"inLanguage\":\"fr-FR\",\"@id\":\"https:\\\/\\\/consulting.workplaceoptions.com\\\/fr\\\/#\\\/schema\\\/logo\\\/image\\\/\",\"url\":\"https:\\\/\\\/consulting.workplaceoptions.com\\\/wp-content\\\/uploads\\\/2025\\\/03\\\/SCR-20250304-oabb.png\",\"contentUrl\":\"https:\\\/\\\/consulting.workplaceoptions.com\\\/wp-content\\\/uploads\\\/2025\\\/03\\\/SCR-20250304-oabb.png\",\"width\":2560,\"height\":648,\"caption\":\"Workplace Options\"},\"image\":{\"@id\":\"https:\\\/\\\/consulting.workplaceoptions.com\\\/fr\\\/#\\\/schema\\\/logo\\\/image\\\/\"},\"sameAs\":[\"https:\\\/\\\/on.fb.me\\\/1jGy68h\",\"https:\\\/\\\/x.com\\\/WorkplaceOption\",\"https:\\\/\\\/linkd.in\\\/TxPCRr\"]}]}<\/script>\n<!-- \/ Yoast SEO plugin. -->","yoast_head_json":{"title":"Nos \u00e9tudes de cas sur le conseil en bien-\u00eatre - The Center for Organizational Effectiveness","description":"Des \u00e9tudes de cas sur le conseil en bien-\u00eatre pour voir comment nous aidons les entreprises \u00e0 aligner les strat\u00e9gies de bien-\u00eatre sur les objectifs de l'organisation.","robots":{"index":"index","follow":"follow","max-snippet":"max-snippet:-1","max-image-preview":"max-image-preview:large","max-video-preview":"max-video-preview:-1"},"canonical":"https:\/\/consulting.workplaceoptions.com\/fr\/nos-etudes-de-cas-sur-le-conseil-en-bien-etre\/","og_locale":"fr_FR","og_type":"article","og_title":"Nos \u00e9tudes de cas sur le conseil en bien-\u00eatre - The Center for Organizational Effectiveness","og_description":"Des \u00e9tudes de cas sur le conseil en bien-\u00eatre pour voir comment nous aidons les entreprises \u00e0 aligner les strat\u00e9gies de bien-\u00eatre sur les objectifs de l'organisation.","og_url":"https:\/\/consulting.workplaceoptions.com\/fr\/nos-etudes-de-cas-sur-le-conseil-en-bien-etre\/","og_site_name":"The Center for Organizational Effectiveness","article_publisher":"https:\/\/on.fb.me\/1jGy68h","article_modified_time":"2025-06-19T15:08:03+00:00","og_image":[{"url":"https:\/\/consulting.workplaceoptions.com\/wp-content\/uploads\/2023\/11\/events-2-1.jpg","type":"","width":"","height":""}],"twitter_card":"summary_large_image","twitter_image":"https:\/\/consulting.workplaceoptions.com\/wp-content\/uploads\/2023\/11\/events-2-1.jpg","twitter_site":"@WorkplaceOption","twitter_misc":{"Dur\u00e9e de lecture estim\u00e9e":"3 minutes"},"schema":{"@context":"https:\/\/schema.org","@graph":[{"@type":"WebPage","@id":"https:\/\/consulting.workplaceoptions.com\/fr\/nos-etudes-de-cas-sur-le-conseil-en-bien-etre\/","url":"https:\/\/consulting.workplaceoptions.com\/fr\/nos-etudes-de-cas-sur-le-conseil-en-bien-etre\/","name":"Nos \u00e9tudes de cas sur le conseil en bien-\u00eatre - The Center for Organizational Effectiveness","isPartOf":{"@id":"https:\/\/consulting.workplaceoptions.com\/fr\/#website"},"primaryImageOfPage":{"@id":"https:\/\/consulting.workplaceoptions.com\/fr\/nos-etudes-de-cas-sur-le-conseil-en-bien-etre\/#primaryimage"},"image":{"@id":"https:\/\/consulting.workplaceoptions.com\/fr\/nos-etudes-de-cas-sur-le-conseil-en-bien-etre\/#primaryimage"},"thumbnailUrl":"https:\/\/consulting.workplaceoptions.com\/wp-content\/uploads\/2023\/11\/events-2.jpg","datePublished":"2019-12-09T16:18:53+00:00","dateModified":"2025-06-19T15:08:03+00:00","description":"Des \u00e9tudes de cas sur le conseil en bien-\u00eatre pour voir comment nous aidons les entreprises \u00e0 aligner les strat\u00e9gies de bien-\u00eatre sur les objectifs de l'organisation.","breadcrumb":{"@id":"https:\/\/consulting.workplaceoptions.com\/fr\/nos-etudes-de-cas-sur-le-conseil-en-bien-etre\/#breadcrumb"},"inLanguage":"fr-FR","potentialAction":[{"@type":"ReadAction","target":["https:\/\/consulting.workplaceoptions.com\/fr\/nos-etudes-de-cas-sur-le-conseil-en-bien-etre\/"]}]},{"@type":"ImageObject","inLanguage":"fr-FR","@id":"https:\/\/consulting.workplaceoptions.com\/fr\/nos-etudes-de-cas-sur-le-conseil-en-bien-etre\/#primaryimage","url":"https:\/\/consulting.workplaceoptions.com\/wp-content\/uploads\/2023\/11\/events-2.jpg","contentUrl":"https:\/\/consulting.workplaceoptions.com\/wp-content\/uploads\/2023\/11\/events-2.jpg","width":1140,"height":855,"caption":"Wellbeing Consulting Case Studies"},{"@type":"BreadcrumbList","@id":"https:\/\/consulting.workplaceoptions.com\/fr\/nos-etudes-de-cas-sur-le-conseil-en-bien-etre\/#breadcrumb","itemListElement":[{"@type":"ListItem","position":1,"name":"Home","item":"https:\/\/consulting.workplaceoptions.com\/fr\/le-centre-pour-lefficacite-organisationnelle\/"},{"@type":"ListItem","position":2,"name":"Nos \u00e9tudes de cas sur le conseil en bien-\u00eatre"}]},{"@type":"WebSite","@id":"https:\/\/consulting.workplaceoptions.com\/fr\/#website","url":"https:\/\/consulting.workplaceoptions.com\/fr\/","name":"COE","description":"Navigating Change. Supporting People. Driving Results.","publisher":{"@id":"https:\/\/consulting.workplaceoptions.com\/fr\/#organization"},"potentialAction":[{"@type":"SearchAction","target":{"@type":"EntryPoint","urlTemplate":"https:\/\/consulting.workplaceoptions.com\/fr\/?s={search_term_string}"},"query-input":{"@type":"PropertyValueSpecification","valueRequired":true,"valueName":"search_term_string"}}],"inLanguage":"fr-FR"},{"@type":"Organization","@id":"https:\/\/consulting.workplaceoptions.com\/fr\/#organization","name":"Workplace Options","url":"https:\/\/consulting.workplaceoptions.com\/fr\/","logo":{"@type":"ImageObject","inLanguage":"fr-FR","@id":"https:\/\/consulting.workplaceoptions.com\/fr\/#\/schema\/logo\/image\/","url":"https:\/\/consulting.workplaceoptions.com\/wp-content\/uploads\/2025\/03\/SCR-20250304-oabb.png","contentUrl":"https:\/\/consulting.workplaceoptions.com\/wp-content\/uploads\/2025\/03\/SCR-20250304-oabb.png","width":2560,"height":648,"caption":"Workplace Options"},"image":{"@id":"https:\/\/consulting.workplaceoptions.com\/fr\/#\/schema\/logo\/image\/"},"sameAs":["https:\/\/on.fb.me\/1jGy68h","https:\/\/x.com\/WorkplaceOption","https:\/\/linkd.in\/TxPCRr"]}]}},"_links":{"self":[{"href":"https:\/\/consulting.workplaceoptions.com\/fr\/wp-json\/wp\/v2\/pages\/11581","targetHints":{"allow":["GET"]}}],"collection":[{"href":"https:\/\/consulting.workplaceoptions.com\/fr\/wp-json\/wp\/v2\/pages"}],"about":[{"href":"https:\/\/consulting.workplaceoptions.com\/fr\/wp-json\/wp\/v2\/types\/page"}],"author":[{"embeddable":true,"href":"https:\/\/consulting.workplaceoptions.com\/fr\/wp-json\/wp\/v2\/users\/1"}],"replies":[{"embeddable":true,"href":"https:\/\/consulting.workplaceoptions.com\/fr\/wp-json\/wp\/v2\/comments?post=11581"}],"version-history":[{"count":2,"href":"https:\/\/consulting.workplaceoptions.com\/fr\/wp-json\/wp\/v2\/pages\/11581\/revisions"}],"predecessor-version":[{"id":11850,"href":"https:\/\/consulting.workplaceoptions.com\/fr\/wp-json\/wp\/v2\/pages\/11581\/revisions\/11850"}],"wp:featuredmedia":[{"embeddable":true,"href":"https:\/\/consulting.workplaceoptions.com\/fr\/wp-json\/wp\/v2\/media\/11224"}],"wp:attachment":[{"href":"https:\/\/consulting.workplaceoptions.com\/fr\/wp-json\/wp\/v2\/media?parent=11581"}],"curies":[{"name":"wp","href":"https:\/\/api.w.org\/{rel}","templated":true}]}}